{"id":3406,"date":"2025-06-04T12:33:13","date_gmt":"2025-06-04T12:33:13","guid":{"rendered":"https:\/\/dev.tradesilvania.com\/careers\/"},"modified":"2026-02-10T10:07:09","modified_gmt":"2026-02-10T10:07:09","slug":"careers","status":"publish","type":"page","link":"https:\/\/www.tradesilvania.com\/ro\/careers\/","title":{"rendered":"Careers"},"content":{"rendered":"\t\t<div data-elementor-type=\"wp-page\" data-elementor-id=\"3406\" class=\"elementor elementor-3406\" data-elementor-post-type=\"page\">\n\t\t\t\t<div class=\"elementor-element elementor-element-839b2ee e-flex e-con-boxed e-con e-parent\" data-id=\"839b2ee\" data-element_type=\"container\" data-e-type=\"container\" data-settings=\"{&quot;background_background&quot;:&quot;classic&quot;}\">\n\t\t\t\t\t<div class=\"e-con-inner\">\n\t\t\t\t<div class=\"elementor-element elementor-element-a84ced5 elementor-widget elementor-widget-heading\" data-id=\"a84ced5\" data-element_type=\"widget\" data-e-type=\"widget\" data-widget_type=\"heading.default\">\n\t\t\t\t<div class=\"elementor-widget-container\">\n\t\t\t\t\t<h1 class=\"elementor-heading-title elementor-size-default\">Hai in Echipa Tradesilvania<\/h1>\t\t\t\t<\/div>\n\t\t\t\t<\/div>\n\t\t\t\t<div class=\"elementor-element elementor-element-dee0a42 elementor-widget elementor-widget-heading\" data-id=\"dee0a42\" data-element_type=\"widget\" data-e-type=\"widget\" data-widget_type=\"heading.default\">\n\t\t\t\t<div class=\"elementor-widget-container\">\n\t\t\t\t\t<p class=\"elementor-heading-title elementor-size-default\">Vrei sa faci parte din viitorul financiar digital?<\/p>\t\t\t\t<\/div>\n\t\t\t\t<\/div>\n\t\t\t\t\t<\/div>\n\t\t\t\t<\/div>\n\t\t<div class=\"elementor-element elementor-element-cce08f0 e-flex e-con-boxed e-con e-parent\" data-id=\"cce08f0\" data-element_type=\"container\" data-e-type=\"container\">\n\t\t\t\t\t<div class=\"e-con-inner\">\n\t\t\t\t<div class=\"elementor-element elementor-element-86d6919 elementor-widget elementor-widget-text-editor\" data-id=\"86d6919\" data-element_type=\"widget\" data-e-type=\"widget\" data-widget_type=\"text-editor.default\">\n\t\t\t\t<div class=\"elementor-widget-container\">\n\t\t\t\t\t\t\t\t\t<p>Te asteptam in echipa Tradesilvania pentru a construi impreuna o noua generatie de servicii digitale in domeniul financiar.<\/p>\t\t\t\t\t\t\t\t<\/div>\n\t\t\t\t<\/div>\n\t\t\t\t\t<\/div>\n\t\t\t\t<\/div>\n\t\t<div class=\"elementor-element elementor-element-62665f1 e-flex e-con-boxed e-con e-parent\" data-id=\"62665f1\" data-element_type=\"container\" data-e-type=\"container\">\n\t\t\t\t\t<div class=\"e-con-inner\">\n\t\t\t\t<div class=\"elementor-element elementor-element-e3a330b elementor-widget elementor-widget-heading\" data-id=\"e3a330b\" data-element_type=\"widget\" data-e-type=\"widget\" data-widget_type=\"heading.default\">\n\t\t\t\t<div class=\"elementor-widget-container\">\n\t\t\t\t\t<h4 class=\"elementor-heading-title elementor-size-default\">Open posts<\/h4>\t\t\t\t<\/div>\n\t\t\t\t<\/div>\n\t\t\t\t<div class=\"elementor-element elementor-element-aea3c21 elementor-grid-3 elementor-grid-tablet-2 elementor-grid-mobile-1 elementor-posts--thumbnail-top elementor-card-shadow-yes elementor-posts__hover-gradient elementor-widget elementor-widget-posts\" data-id=\"aea3c21\" data-element_type=\"widget\" data-e-type=\"widget\" data-settings=\"{&quot;pagination_type&quot;:&quot;prev_next&quot;,&quot;cards_columns&quot;:&quot;3&quot;,&quot;cards_columns_tablet&quot;:&quot;2&quot;,&quot;cards_columns_mobile&quot;:&quot;1&quot;,&quot;cards_row_gap&quot;:{&quot;unit&quot;:&quot;px&quot;,&quot;size&quot;:35,&quot;sizes&quot;:[]},&quot;cards_row_gap_tablet&quot;:{&quot;unit&quot;:&quot;px&quot;,&quot;size&quot;:&quot;&quot;,&quot;sizes&quot;:[]},&quot;cards_row_gap_mobile&quot;:{&quot;unit&quot;:&quot;px&quot;,&quot;size&quot;:&quot;&quot;,&quot;sizes&quot;:[]}}\" data-widget_type=\"posts.cards\">\n\t\t\t\t<div class=\"elementor-widget-container\">\n\t\t\t\t\t\t\t<div class=\"elementor-posts-container elementor-posts elementor-posts--skin-cards elementor-grid\" role=\"list\">\n\t\t\t\t<article class=\"elementor-post elementor-grid-item post-27249 post type-post status-publish format-standard hentry category-open-posts-in-careers-ro\" role=\"listitem\">\n\t\t\t<div class=\"elementor-post__card\">\n\t\t\t\t<div class=\"elementor-post__text\">\n\t\t\t\t<h3 class=\"elementor-post__title\">\n\t\t\t<a href=\"https:\/\/www.tradesilvania.com\/ro\/open-posts-in-careers-ro\/responsabil-clienti-departament-operational\/\" >\n\t\t\t\tResponsabil Clienti \/ Departament operational\t\t\t<\/a>\n\t\t<\/h3>\n\t\t\t\t<div class=\"elementor-post__excerpt\">\n\t\t\t<p>Dac\u0103 e\u0219ti o persoan\u0103 c\u0103reia \u00eei place s\u0103 ajute clien\u021bii, s\u0103 ofere solu\u021bii rapide \u0219i s\u0103 comunice cu clien\u021bii \u00eentr-un<\/p>\n\t\t<\/div>\n\t\t\n\t\t<a class=\"elementor-post__read-more\" href=\"https:\/\/www.tradesilvania.com\/ro\/open-posts-in-careers-ro\/responsabil-clienti-departament-operational\/\" aria-label=\"Read more about Responsabil Clienti \/ Departament operational\" tabindex=\"-1\" >\n\t\t\tRead More \u00bb\t\t<\/a>\n\n\t\t\t\t<\/div>\n\t\t\t\t<div class=\"elementor-post__meta-data\">\n\t\t\t\t\t<span class=\"elementor-post-date\">\n\t\t\tfebruarie 13, 2025\t\t<\/span>\n\t\t\t\t<\/div>\n\t\t\t\t\t<\/div>\n\t\t<\/article>\n\t\t\t\t<article class=\"elementor-post elementor-grid-item post-27251 post type-post status-publish format-standard hentry category-open-posts-in-careers-ro\" role=\"listitem\">\n\t\t\t<div class=\"elementor-post__card\">\n\t\t\t\t<div class=\"elementor-post__text\">\n\t\t\t\t<h3 class=\"elementor-post__title\">\n\t\t\t<a href=\"https:\/\/www.tradesilvania.com\/ro\/open-posts-in-careers-ro\/analist-conformitate-si-specialist-kyc-aml\/\" >\n\t\t\t\tAnalist conformitate si specialist KYC\/AML\t\t\t<\/a>\n\t\t<\/h3>\n\t\t\t\t<div class=\"elementor-post__excerpt\">\n\t\t\t<p>Analist conformitate si specialist KYC\/AML fintech Daca esti o persoana careia ii place sa ajute clientii, sa ofere solutii rapide<\/p>\n\t\t<\/div>\n\t\t\n\t\t<a class=\"elementor-post__read-more\" href=\"https:\/\/www.tradesilvania.com\/ro\/open-posts-in-careers-ro\/analist-conformitate-si-specialist-kyc-aml\/\" aria-label=\"Read more about Analist conformitate si specialist KYC\/AML\" tabindex=\"-1\" >\n\t\t\tRead More \u00bb\t\t<\/a>\n\n\t\t\t\t<\/div>\n\t\t\t\t<div class=\"elementor-post__meta-data\">\n\t\t\t\t\t<span class=\"elementor-post-date\">\n\t\t\tfebruarie 11, 2025\t\t<\/span>\n\t\t\t\t<\/div>\n\t\t\t\t\t<\/div>\n\t\t<\/article>\n\t\t\t\t<article class=\"elementor-post elementor-grid-item post-27253 post type-post status-publish format-standard hentry category-open-posts-in-careers-ro\" role=\"listitem\">\n\t\t\t<div class=\"elementor-post__card\">\n\t\t\t\t<div class=\"elementor-post__text\">\n\t\t\t\t<h3 class=\"elementor-post__title\">\n\t\t\t<a href=\"https:\/\/www.tradesilvania.com\/ro\/open-posts-in-careers-ro\/social-media-specialist-community-coordinator\/\" >\n\t\t\t\tSocial Media specialist &#038; community coordinator\t\t\t<\/a>\n\t\t<\/h3>\n\t\t\t\t<div class=\"elementor-post__excerpt\">\n\t\t\t<p>Social Media specialist &amp; community coordinator Esti pasionat de marketing online, dezvoltarea de comunitati crypto si esti deschis la noua<\/p>\n\t\t<\/div>\n\t\t\n\t\t<a class=\"elementor-post__read-more\" href=\"https:\/\/www.tradesilvania.com\/ro\/open-posts-in-careers-ro\/social-media-specialist-community-coordinator\/\" aria-label=\"Read more about Social Media specialist &#038; community coordinator\" tabindex=\"-1\" >\n\t\t\tRead More \u00bb\t\t<\/a>\n\n\t\t\t\t<\/div>\n\t\t\t\t<div class=\"elementor-post__meta-data\">\n\t\t\t\t\t<span class=\"elementor-post-date\">\n\t\t\tdecembrie 11, 2023\t\t<\/span>\n\t\t\t\t<\/div>\n\t\t\t\t\t<\/div>\n\t\t<\/article>\n\t\t\t\t<article class=\"elementor-post elementor-grid-item post-27255 post type-post status-publish format-standard hentry category-open-posts-in-careers-ro\" role=\"listitem\">\n\t\t\t<div class=\"elementor-post__card\">\n\t\t\t\t<div class=\"elementor-post__text\">\n\t\t\t\t<h3 class=\"elementor-post__title\">\n\t\t\t<a href=\"https:\/\/www.tradesilvania.com\/ro\/open-posts-in-careers-ro\/b2b-account-manager-crypto-partners\/\" >\n\t\t\t\tB2B account Manager &#8211; Crypto partners\t\t\t<\/a>\n\t\t<\/h3>\n\t\t\t\t<div class=\"elementor-post__excerpt\">\n\t\t\t<p>Account Manager &#8211; Parteneri ( B2B \/ crypto) Vrei sa faci parte dintr-un startup ce revolutioneaza aceasta piata si dezvolta<\/p>\n\t\t<\/div>\n\t\t\n\t\t<a class=\"elementor-post__read-more\" href=\"https:\/\/www.tradesilvania.com\/ro\/open-posts-in-careers-ro\/b2b-account-manager-crypto-partners\/\" aria-label=\"Read more about B2B account Manager &#8211; Crypto partners\" tabindex=\"-1\" >\n\t\t\tRead More \u00bb\t\t<\/a>\n\n\t\t\t\t<\/div>\n\t\t\t\t<div class=\"elementor-post__meta-data\">\n\t\t\t\t\t<span class=\"elementor-post-date\">\n\t\t\tdecembrie 11, 2023\t\t<\/span>\n\t\t\t\t<\/div>\n\t\t\t\t\t<\/div>\n\t\t<\/article>\n\t\t\t\t<article class=\"elementor-post elementor-grid-item post-27257 post type-post status-publish format-standard hentry category-open-posts-in-careers-ro\" role=\"listitem\">\n\t\t\t<div class=\"elementor-post__card\">\n\t\t\t\t<div class=\"elementor-post__text\">\n\t\t\t\t<h3 class=\"elementor-post__title\">\n\t\t\t<a href=\"https:\/\/www.tradesilvania.com\/ro\/open-posts-in-careers-ro\/node-js-developer\/\" >\n\t\t\t\tNode.JS developer\t\t\t<\/a>\n\t\t<\/h3>\n\t\t\t\t<div class=\"elementor-post__excerpt\">\n\t\t\t<p>Responsabilit\u0103\u021bi: Dezvoltare microservicii Posibilitatea de a utiliza Rust \u00cembun\u0103t\u0103\u021birea performan\u021bei\/\u00eentre\u021binerea codului existent Implementarea algoritmilor Cerin\u021be: Cel pu\u021bin 3-4 ani de<\/p>\n\t\t<\/div>\n\t\t\n\t\t<a class=\"elementor-post__read-more\" href=\"https:\/\/www.tradesilvania.com\/ro\/open-posts-in-careers-ro\/node-js-developer\/\" aria-label=\"Read more about Node.JS developer\" tabindex=\"-1\" >\n\t\t\tRead More \u00bb\t\t<\/a>\n\n\t\t\t\t<\/div>\n\t\t\t\t<div class=\"elementor-post__meta-data\">\n\t\t\t\t\t<span class=\"elementor-post-date\">\n\t\t\taugust 16, 2022\t\t<\/span>\n\t\t\t\t<\/div>\n\t\t\t\t\t<\/div>\n\t\t<\/article>\n\t\t\t\t<article class=\"elementor-post elementor-grid-item post-27259 post type-post status-publish format-standard hentry category-open-posts-in-careers-ro\" role=\"listitem\">\n\t\t\t<div class=\"elementor-post__card\">\n\t\t\t\t<div class=\"elementor-post__text\">\n\t\t\t\t<h3 class=\"elementor-post__title\">\n\t\t\t<a href=\"https:\/\/www.tradesilvania.com\/ro\/open-posts-in-careers-ro\/ui-developer\/\" >\n\t\t\t\tUI developer\t\t\t<\/a>\n\t\t<\/h3>\n\t\t\t\t<div class=\"elementor-post__excerpt\">\n\t\t\t<p>Responsabilitati: Implementarea de componente UI Colaborare cu UX Designers Crearea unui UI kit care sa fie utilizat in tot ecosistemul<\/p>\n\t\t<\/div>\n\t\t\n\t\t<a class=\"elementor-post__read-more\" href=\"https:\/\/www.tradesilvania.com\/ro\/open-posts-in-careers-ro\/ui-developer\/\" aria-label=\"Read more about UI developer\" tabindex=\"-1\" >\n\t\t\tRead More \u00bb\t\t<\/a>\n\n\t\t\t\t<\/div>\n\t\t\t\t<div class=\"elementor-post__meta-data\">\n\t\t\t\t\t<span class=\"elementor-post-date\">\n\t\t\taugust 16, 2022\t\t<\/span>\n\t\t\t\t<\/div>\n\t\t\t\t\t<\/div>\n\t\t<\/article>\n\t\t\t\t<article class=\"elementor-post elementor-grid-item post-27261 post type-post status-publish format-standard hentry category-open-posts-in-careers-ro\" role=\"listitem\">\n\t\t\t<div class=\"elementor-post__card\">\n\t\t\t\t<div class=\"elementor-post__text\">\n\t\t\t\t<h3 class=\"elementor-post__title\">\n\t\t\t<a href=\"https:\/\/www.tradesilvania.com\/ro\/open-posts-in-careers-ro\/trader-senior-analist-piata\/\" >\n\t\t\t\tTrader senior analist piata\t\t\t<\/a>\n\t\t<\/h3>\n\t\t\t\t<div class=\"elementor-post__excerpt\">\n\t\t\t<p>Tradesilvania isi dezvolta echipa operationala interna din departamentul de analiza piata financiara cu 2 noi colegi. Postul este unul part-time<\/p>\n\t\t<\/div>\n\t\t\n\t\t<a class=\"elementor-post__read-more\" href=\"https:\/\/www.tradesilvania.com\/ro\/open-posts-in-careers-ro\/trader-senior-analist-piata\/\" aria-label=\"Read more about Trader senior analist piata\" tabindex=\"-1\" >\n\t\t\tRead More \u00bb\t\t<\/a>\n\n\t\t\t\t<\/div>\n\t\t\t\t<div class=\"elementor-post__meta-data\">\n\t\t\t\t\t<span class=\"elementor-post-date\">\n\t\t\tmai 27, 2022\t\t<\/span>\n\t\t\t\t<\/div>\n\t\t\t\t\t<\/div>\n\t\t<\/article>\n\t\t\t\t<article class=\"elementor-post elementor-grid-item post-27263 post type-post status-publish format-standard hentry category-open-posts-in-careers-ro\" role=\"listitem\">\n\t\t\t<div class=\"elementor-post__card\">\n\t\t\t\t<div class=\"elementor-post__text\">\n\t\t\t\t<h3 class=\"elementor-post__title\">\n\t\t\t<a href=\"https:\/\/www.tradesilvania.com\/ro\/open-posts-in-careers-ro\/senior-marketing-specialist\/\" >\n\t\t\t\tSenior marketing specialist\t\t\t<\/a>\n\t\t<\/h3>\n\t\t\t\t<div class=\"elementor-post__excerpt\">\n\t\t\t<p>Ca Marketing Specialist veti Fi responsabil cu administrarea prezentei companiei pe platformele de socializare. Crea idei noi pentru a ajuta<\/p>\n\t\t<\/div>\n\t\t\n\t\t<a class=\"elementor-post__read-more\" href=\"https:\/\/www.tradesilvania.com\/ro\/open-posts-in-careers-ro\/senior-marketing-specialist\/\" aria-label=\"Read more about Senior marketing specialist\" tabindex=\"-1\" >\n\t\t\tRead More \u00bb\t\t<\/a>\n\n\t\t\t\t<\/div>\n\t\t\t\t<div class=\"elementor-post__meta-data\">\n\t\t\t\t\t<span class=\"elementor-post-date\">\n\t\t\tseptembrie 29, 2021\t\t<\/span>\n\t\t\t\t<\/div>\n\t\t\t\t\t<\/div>\n\t\t<\/article>\n\t\t\t\t<article class=\"elementor-post elementor-grid-item post-27265 post type-post status-publish format-standard hentry category-open-posts-in-careers-ro\" role=\"listitem\">\n\t\t\t<div class=\"elementor-post__card\">\n\t\t\t\t<div class=\"elementor-post__text\">\n\t\t\t\t<h3 class=\"elementor-post__title\">\n\t\t\t<a href=\"https:\/\/www.tradesilvania.com\/ro\/open-posts-in-careers-ro\/seo-si-marketing-online-social-media-marketing-specialist-2-posturi\/\" >\n\t\t\t\tSEO si Marketing Online &#8211; Social Media Marketing specialist &#8211; 2 posturi\t\t\t<\/a>\n\t\t<\/h3>\n\t\t\t\t<div class=\"elementor-post__excerpt\">\n\t\t\t<p>Tradesilvania isi dezvolta echipa de marketing online cu 4 noi colegi. Postul este unul full-time si are loc la sediul<\/p>\n\t\t<\/div>\n\t\t\n\t\t<a class=\"elementor-post__read-more\" href=\"https:\/\/www.tradesilvania.com\/ro\/open-posts-in-careers-ro\/seo-si-marketing-online-social-media-marketing-specialist-2-posturi\/\" aria-label=\"Read more about SEO si Marketing Online &#8211; Social Media Marketing specialist &#8211; 2 posturi\" tabindex=\"-1\" >\n\t\t\tRead More \u00bb\t\t<\/a>\n\n\t\t\t\t<\/div>\n\t\t\t\t<div class=\"elementor-post__meta-data\">\n\t\t\t\t\t<span class=\"elementor-post-date\">\n\t\t\taugust 10, 2021\t\t<\/span>\n\t\t\t\t<\/div>\n\t\t\t\t\t<\/div>\n\t\t<\/article>\n\t\t\t\t<\/div>\n\t\t\n\t\t\t\t\t\t<\/div>\n\t\t\t\t<\/div>\n\t\t\t\t\t<\/div>\n\t\t\t\t<\/div>\n\t\t<div class=\"elementor-element elementor-element-fed9c12 e-flex e-con-boxed e-con e-parent\" data-id=\"fed9c12\" data-element_type=\"container\" data-e-type=\"container\">\n\t\t\t\t\t<div class=\"e-con-inner\">\n\t\t\t\t<div class=\"elementor-element elementor-element-0742ada elementor-widget elementor-widget-heading\" data-id=\"0742ada\" data-element_type=\"widget\" data-e-type=\"widget\" data-widget_type=\"heading.default\">\n\t\t\t\t<div class=\"elementor-widget-container\">\n\t\t\t\t\t<p class=\"elementor-heading-title elementor-size-default\">Create an account and start trading with us<\/p>\t\t\t\t<\/div>\n\t\t\t\t<\/div>\n\t\t\t\t<div class=\"elementor-element elementor-element-8c6720e elementor-align-center elementor-widget elementor-widget-button\" data-id=\"8c6720e\" data-element_type=\"widget\" data-e-type=\"widget\" data-widget_type=\"button.default\">\n\t\t\t\t<div class=\"elementor-widget-container\">\n\t\t\t\t\t\t\t\t\t<div class=\"elementor-button-wrapper\">\n\t\t\t\t\t<a class=\"elementor-button elementor-button-link elementor-size-sm\" href=\"https:\/\/app.tradesilvania.com\/register\">\n\t\t\t\t\t\t<span class=\"elementor-button-content-wrapper\">\n\t\t\t\t\t\t\t\t\t<span class=\"elementor-button-text\">Create an account<\/span>\n\t\t\t\t\t<\/span>\n\t\t\t\t\t<\/a>\n\t\t\t\t<\/div>\n\t\t\t\t\t\t\t\t<\/div>\n\t\t\t\t<\/div>\n\t\t\t\t<div class=\"elementor-element elementor-element-ee40acc elementor-widget elementor-widget-text-editor\" data-id=\"ee40acc\" data-element_type=\"widget\" data-e-type=\"widget\" data-widget_type=\"text-editor.default\">\n\t\t\t\t<div class=\"elementor-widget-container\">\n\t\t\t\t\t\t\t\t\tNeed help? Send us an e-mail at <span style=\"color: #1AA736;\"><strong>support@tradesilvania.com<\/strong><\/span> or send us a direct message in chat\t\t\t\t\t\t\t\t<\/div>\n\t\t\t\t<\/div>\n\t\t\t\t\t<\/div>\n\t\t\t\t<\/div>\n\t\t\t\t<\/div>\n\t\t","protected":false},"excerpt":{"rendered":"<p>Hai in Echipa Tradesilvania Vrei sa faci parte din viitorul financiar digital? Te asteptam in echipa Tradesilvania pentru a construi impreuna o noua generatie de servicii digitale in domeniul financiar. Open posts Create an account and start trading with us Create an account Need help? Send us an e-mail at support@tradesilvania.com or send us a [&hellip;]<\/p>\n","protected":false},"author":1,"featured_media":0,"parent":0,"menu_order":0,"comment_status":"closed","ping_status":"closed","template":"","meta":{"_acf_changed":false,"footnotes":""},"class_list":["post-3406","page","type-page","status-publish","hentry"],"acf":[],"yoast_head":"<!-- This site is optimized with the Yoast SEO plugin v27.2 - https:\/\/yoast.com\/product\/yoast-seo-wordpress\/ -->\n<title>Job Cluj Napoca Exchange Tradesilvania- Join Our Marketing Team, Cluj Cluj Client<\/title>\n<meta name=\"description\" content=\"Join the crypto revolution with a young and dynamic team\" \/>\n<meta name=\"robots\" content=\"index, follow, max-snippet:-1, max-image-preview:large, max-video-preview:-1\" \/>\n<link rel=\"canonical\" href=\"https:\/\/www.tradesilvania.com\/ro\/careers\/\" \/>\n<meta property=\"og:locale\" content=\"ro_RO\" \/>\n<meta property=\"og:type\" content=\"article\" \/>\n<meta property=\"og:title\" content=\"Job Cluj Napoca Exchange Tradesilvania- Join Our Marketing Team, Cluj Cluj Client\" \/>\n<meta property=\"og:description\" content=\"Join the crypto revolution with a young and dynamic team\" \/>\n<meta property=\"og:site_name\" content=\"Tradesilvania\" \/>\n<meta property=\"article:modified_time\" content=\"2026-02-10T10:07:09+00:00\" \/>\n<meta name=\"twitter:card\" content=\"summary_large_image\" \/>\n<meta name=\"twitter:label1\" content=\"Timp estimat pentru citire\" \/>\n\t<meta name=\"twitter:data1\" content=\"6 minute\" \/>\n<script type=\"application\/ld+json\" class=\"yoast-schema-graph\">{\"@context\":\"https:\/\/schema.org\",\"@graph\":[{\"@type\":\"WebPage\",\"@id\":\"https:\/\/www.tradesilvania.com\/ro\/careers\/\",\"url\":\"https:\/\/www.tradesilvania.com\/ro\/careers\/\",\"name\":\"Job Cluj Napoca Exchange Tradesilvania- Join Our Marketing Team, Cluj Cluj Client\",\"isPartOf\":{\"@id\":\"https:\/\/www.tradesilvania.com\/ro\/#website\"},\"datePublished\":\"2025-06-04T12:33:13+00:00\",\"dateModified\":\"2026-02-10T10:07:09+00:00\",\"description\":\"Join the crypto revolution with a young and dynamic team\",\"breadcrumb\":{\"@id\":\"https:\/\/www.tradesilvania.com\/ro\/careers\/#breadcrumb\"},\"inLanguage\":\"ro-RO\",\"potentialAction\":[{\"@type\":\"ReadAction\",\"target\":[\"https:\/\/www.tradesilvania.com\/ro\/careers\/\"]}]},{\"@type\":\"BreadcrumbList\",\"@id\":\"https:\/\/www.tradesilvania.com\/ro\/careers\/#breadcrumb\",\"itemListElement\":[{\"@type\":\"ListItem\",\"position\":1,\"name\":\"Home\",\"item\":\"https:\/\/www.tradesilvania.com\/ro\/\"},{\"@type\":\"ListItem\",\"position\":2,\"name\":\"Careers\"}]},{\"@type\":\"WebSite\",\"@id\":\"https:\/\/www.tradesilvania.com\/ro\/#website\",\"url\":\"https:\/\/www.tradesilvania.com\/ro\/\",\"name\":\"Tradesilvania\",\"description\":\"\",\"publisher\":{\"@id\":\"https:\/\/www.tradesilvania.com\/ro\/#organization\"},\"potentialAction\":[{\"@type\":\"SearchAction\",\"target\":{\"@type\":\"EntryPoint\",\"urlTemplate\":\"https:\/\/www.tradesilvania.com\/ro\/?s={search_term_string}\"},\"query-input\":{\"@type\":\"PropertyValueSpecification\",\"valueRequired\":true,\"valueName\":\"search_term_string\"}}],\"inLanguage\":\"ro-RO\"},{\"@type\":\"Organization\",\"@id\":\"https:\/\/www.tradesilvania.com\/ro\/#organization\",\"name\":\"Tradesilvania\",\"url\":\"https:\/\/www.tradesilvania.com\/ro\/\",\"logo\":{\"@type\":\"ImageObject\",\"inLanguage\":\"ro-RO\",\"@id\":\"https:\/\/www.tradesilvania.com\/ro\/#\/schema\/logo\/image\/\",\"url\":\"https:\/\/www.tradesilvania.com\/wp-content\/uploads\/2025\/09\/logo.svg.png\",\"contentUrl\":\"https:\/\/www.tradesilvania.com\/wp-content\/uploads\/2025\/09\/logo.svg.png\",\"width\":1023,\"height\":138,\"caption\":\"Tradesilvania\"},\"image\":{\"@id\":\"https:\/\/www.tradesilvania.com\/ro\/#\/schema\/logo\/image\/\"}}]}<\/script>\n<!-- \/ Yoast SEO plugin. -->","yoast_head_json":{"title":"Job Cluj Napoca Exchange Tradesilvania- Join Our Marketing Team, Cluj Cluj Client","description":"Join the crypto revolution with a young and dynamic team","robots":{"index":"index","follow":"follow","max-snippet":"max-snippet:-1","max-image-preview":"max-image-preview:large","max-video-preview":"max-video-preview:-1"},"canonical":"https:\/\/www.tradesilvania.com\/ro\/careers\/","og_locale":"ro_RO","og_type":"article","og_title":"Job Cluj Napoca Exchange Tradesilvania- Join Our Marketing Team, Cluj Cluj Client","og_description":"Join the crypto revolution with a young and dynamic team","og_site_name":"Tradesilvania","article_modified_time":"2026-02-10T10:07:09+00:00","twitter_card":"summary_large_image","twitter_misc":{"Timp estimat pentru citire":"6 minute"},"schema":{"@context":"https:\/\/schema.org","@graph":[{"@type":"WebPage","@id":"https:\/\/www.tradesilvania.com\/ro\/careers\/","url":"https:\/\/www.tradesilvania.com\/ro\/careers\/","name":"Job Cluj Napoca Exchange Tradesilvania- Join Our Marketing Team, Cluj Cluj Client","isPartOf":{"@id":"https:\/\/www.tradesilvania.com\/ro\/#website"},"datePublished":"2025-06-04T12:33:13+00:00","dateModified":"2026-02-10T10:07:09+00:00","description":"Join the crypto revolution with a young and dynamic team","breadcrumb":{"@id":"https:\/\/www.tradesilvania.com\/ro\/careers\/#breadcrumb"},"inLanguage":"ro-RO","potentialAction":[{"@type":"ReadAction","target":["https:\/\/www.tradesilvania.com\/ro\/careers\/"]}]},{"@type":"BreadcrumbList","@id":"https:\/\/www.tradesilvania.com\/ro\/careers\/#breadcrumb","itemListElement":[{"@type":"ListItem","position":1,"name":"Home","item":"https:\/\/www.tradesilvania.com\/ro\/"},{"@type":"ListItem","position":2,"name":"Careers"}]},{"@type":"WebSite","@id":"https:\/\/www.tradesilvania.com\/ro\/#website","url":"https:\/\/www.tradesilvania.com\/ro\/","name":"Tradesilvania","description":"","publisher":{"@id":"https:\/\/www.tradesilvania.com\/ro\/#organization"},"potentialAction":[{"@type":"SearchAction","target":{"@type":"EntryPoint","urlTemplate":"https:\/\/www.tradesilvania.com\/ro\/?s={search_term_string}"},"query-input":{"@type":"PropertyValueSpecification","valueRequired":true,"valueName":"search_term_string"}}],"inLanguage":"ro-RO"},{"@type":"Organization","@id":"https:\/\/www.tradesilvania.com\/ro\/#organization","name":"Tradesilvania","url":"https:\/\/www.tradesilvania.com\/ro\/","logo":{"@type":"ImageObject","inLanguage":"ro-RO","@id":"https:\/\/www.tradesilvania.com\/ro\/#\/schema\/logo\/image\/","url":"https:\/\/www.tradesilvania.com\/wp-content\/uploads\/2025\/09\/logo.svg.png","contentUrl":"https:\/\/www.tradesilvania.com\/wp-content\/uploads\/2025\/09\/logo.svg.png","width":1023,"height":138,"caption":"Tradesilvania"},"image":{"@id":"https:\/\/www.tradesilvania.com\/ro\/#\/schema\/logo\/image\/"}}]}},"_links":{"self":[{"href":"https:\/\/www.tradesilvania.com\/ro\/wp-json\/wp\/v2\/pages\/3406","targetHints":{"allow":["GET"]}}],"collection":[{"href":"https:\/\/www.tradesilvania.com\/ro\/wp-json\/wp\/v2\/pages"}],"about":[{"href":"https:\/\/www.tradesilvania.com\/ro\/wp-json\/wp\/v2\/types\/page"}],"author":[{"embeddable":true,"href":"https:\/\/www.tradesilvania.com\/ro\/wp-json\/wp\/v2\/users\/1"}],"replies":[{"embeddable":true,"href":"https:\/\/www.tradesilvania.com\/ro\/wp-json\/wp\/v2\/comments?post=3406"}],"version-history":[{"count":62,"href":"https:\/\/www.tradesilvania.com\/ro\/wp-json\/wp\/v2\/pages\/3406\/revisions"}],"predecessor-version":[{"id":87497,"href":"https:\/\/www.tradesilvania.com\/ro\/wp-json\/wp\/v2\/pages\/3406\/revisions\/87497"}],"wp:attachment":[{"href":"https:\/\/www.tradesilvania.com\/ro\/wp-json\/wp\/v2\/media?parent=3406"}],"curies":[{"name":"wp","href":"https:\/\/api.w.org\/{rel}","templated":true}]}}